{"id":2569,"date":"2017-05-22T21:38:31","date_gmt":"2017-05-22T21:38:31","guid":{"rendered":"http:\/\/zdruzenjeborcev-nobmb.si\/?page_id=2569"},"modified":"2023-12-06T14:20:16","modified_gmt":"2023-12-06T13:20:16","slug":"slivnica-hoce","status":"publish","type":"page","link":"https:\/\/zdruzenjeborcev-nobmb.si\/?page_id=2569","title":{"rendered":"KO ZB Slivnica-Ho\u010de"},"content":{"rendered":"<p>predsednik:\u00a0 <strong>Martin Kramar, e-mail: <a href=\"mailto:kramar.martin@gmail.com\">kramar.martin@gmail.com<\/a><\/strong><br \/>\ntajnica:\u00a0<strong> \u00a0 \u00a0 \u00a0 \u00a0 \u00a0Simona \u0160ifrar\u00a0 \u00a0 \u00a0e-mail: <a href=\"mailto:simona.sifrar@gmail.com\">simona.sifrar@gmail.com<\/a><\/strong><\/p>\n<hr \/>\n<p>&nbsp;<\/p>\n<p>\u010clani KO ZB Slivnica-Ho\u010de smo 30.10.20 polo\u017eili venec in pri\u017egali sve\u010de pri spomeniku dvajsetim talcem, ki jih je okupator ustrelil 6.12.1944 na \u010creti.<br \/>\n<a href=\"https:\/\/zdruzenjeborcev-nobmb.si\/wp-content\/uploads\/2020\/11\/Hoce_4.jpg\"><img loading=\"lazy\" decoding=\"async\" class=\"alignnone size-full wp-image-6401\" src=\"https:\/\/zdruzenjeborcev-nobmb.si\/wp-content\/uploads\/2020\/11\/Hoce_4.jpg\" alt=\"\" width=\"1200\" height=\"900\" srcset=\"https:\/\/zdruzenjeborcev-nobmb.si\/wp-content\/uploads\/2020\/11\/Hoce_4.jpg 1200w, https:\/\/zdruzenjeborcev-nobmb.si\/wp-content\/uploads\/2020\/11\/Hoce_4-300x225.jpg 300w, https:\/\/zdruzenjeborcev-nobmb.si\/wp-content\/uploads\/2020\/11\/Hoce_4-1024x768.jpg 1024w, https:\/\/zdruzenjeborcev-nobmb.si\/wp-content\/uploads\/2020\/11\/Hoce_4-768x576.jpg 768w\" sizes=\"(max-width: 709px) 85vw, (max-width: 909px) 67vw, (max-width: 1362px) 62vw, 840px\" \/><\/a><br \/>\n<a href=\"https:\/\/zdruzenjeborcev-nobmb.si\/wp-content\/uploads\/2020\/11\/Hoce_3.jpg\"><img loading=\"lazy\" decoding=\"async\" class=\"alignnone size-full wp-image-6400\" src=\"https:\/\/zdruzenjeborcev-nobmb.si\/wp-content\/uploads\/2020\/11\/Hoce_3.jpg\" alt=\"\" width=\"1200\" height=\"1600\" srcset=\"https:\/\/zdruzenjeborcev-nobmb.si\/wp-content\/uploads\/2020\/11\/Hoce_3.jpg 1200w, https:\/\/zdruzenjeborcev-nobmb.si\/wp-content\/uploads\/2020\/11\/Hoce_3-225x300.jpg 225w, https:\/\/zdruzenjeborcev-nobmb.si\/wp-content\/uploads\/2020\/11\/Hoce_3-768x1024.jpg 768w, https:\/\/zdruzenjeborcev-nobmb.si\/wp-content\/uploads\/2020\/11\/Hoce_3-1152x1536.jpg 1152w\" sizes=\"(max-width: 709px) 85vw, (max-width: 909px) 67vw, (max-width: 1362px) 62vw, 840px\" \/><\/a><\/p>\n<p><a href=\"https:\/\/zdruzenjeborcev-nobmb.si\/wp-content\/uploads\/2020\/11\/Hoce_2.jpg\"><img loading=\"lazy\" decoding=\"async\" class=\"alignnone size-full wp-image-6399\" src=\"https:\/\/zdruzenjeborcev-nobmb.si\/wp-content\/uploads\/2020\/11\/Hoce_2.jpg\" alt=\"\" width=\"1200\" height=\"900\" srcset=\"https:\/\/zdruzenjeborcev-nobmb.si\/wp-content\/uploads\/2020\/11\/Hoce_2.jpg 1200w, https:\/\/zdruzenjeborcev-nobmb.si\/wp-content\/uploads\/2020\/11\/Hoce_2-300x225.jpg 300w, https:\/\/zdruzenjeborcev-nobmb.si\/wp-content\/uploads\/2020\/11\/Hoce_2-1024x768.jpg 1024w, https:\/\/zdruzenjeborcev-nobmb.si\/wp-content\/uploads\/2020\/11\/Hoce_2-768x576.jpg 768w\" sizes=\"(max-width: 709px) 85vw, (max-width: 909px) 67vw, (max-width: 1362px) 62vw, 840px\" \/><\/a><\/p>\n<p><a href=\"https:\/\/zdruzenjeborcev-nobmb.si\/wp-content\/uploads\/2020\/11\/Hoce_1.jpg\"><img loading=\"lazy\" decoding=\"async\" class=\"alignnone size-full wp-image-6398\" src=\"https:\/\/zdruzenjeborcev-nobmb.si\/wp-content\/uploads\/2020\/11\/Hoce_1.jpg\" alt=\"\" width=\"1200\" height=\"900\" srcset=\"https:\/\/zdruzenjeborcev-nobmb.si\/wp-content\/uploads\/2020\/11\/Hoce_1.jpg 1200w, https:\/\/zdruzenjeborcev-nobmb.si\/wp-content\/uploads\/2020\/11\/Hoce_1-300x225.jpg 300w, https:\/\/zdruzenjeborcev-nobmb.si\/wp-content\/uploads\/2020\/11\/Hoce_1-1024x768.jpg 1024w, https:\/\/zdruzenjeborcev-nobmb.si\/wp-content\/uploads\/2020\/11\/Hoce_1-768x576.jpg 768w\" sizes=\"(max-width: 709px) 85vw, (max-width: 909px) 67vw, (max-width: 1362px) 62vw, 840px\" \/><\/a><\/p>\n<p>&nbsp;<\/p>\n<hr \/>\n<p>&nbsp;<\/p>\n<p>&nbsp;<\/p>\n<p>&nbsp;<\/p>\n<p>&nbsp;<\/p>\n<p>KONCERT DOMOLJUBNIH IN PARTIZANSKIH PESMI<br \/>\nV KULTURNEM DOMU HO\u010cE<\/p>\n<p><a href=\"https:\/\/zdruzenjeborcev-nobmb.si\/wp-content\/uploads\/2019\/10\/Odlo\u017ei\u0161\u010de01.jpg\"><img loading=\"lazy\" decoding=\"async\" class=\"alignnone wp-image-5468 size-full\" src=\"https:\/\/zdruzenjeborcev-nobmb.si\/wp-content\/uploads\/2019\/10\/Odlo\u017ei\u0161\u010de01.jpg\" alt=\"koncert\" width=\"1200\" height=\"1196\" srcset=\"https:\/\/zdruzenjeborcev-nobmb.si\/wp-content\/uploads\/2019\/10\/Odlo\u017ei\u0161\u010de01.jpg 1200w, https:\/\/zdruzenjeborcev-nobmb.si\/wp-content\/uploads\/2019\/10\/Odlo\u017ei\u0161\u010de01-150x150.jpg 150w, https:\/\/zdruzenjeborcev-nobmb.si\/wp-content\/uploads\/2019\/10\/Odlo\u017ei\u0161\u010de01-300x300.jpg 300w, https:\/\/zdruzenjeborcev-nobmb.si\/wp-content\/uploads\/2019\/10\/Odlo\u017ei\u0161\u010de01-768x765.jpg 768w, https:\/\/zdruzenjeborcev-nobmb.si\/wp-content\/uploads\/2019\/10\/Odlo\u017ei\u0161\u010de01-1024x1021.jpg 1024w\" sizes=\"(max-width: 709px) 85vw, (max-width: 909px) 67vw, (max-width: 1362px) 62vw, 840px\" \/><\/a><\/p>\n<p><a href=\"https:\/\/zdruzenjeborcev-nobmb.si\/wp-content\/uploads\/2019\/11\/Marjetka.jpg\" target=\"_blank\" rel=\"noopener noreferrer\"><img loading=\"lazy\" decoding=\"async\" class=\"alignnone wp-image-5494 size-full\" src=\"https:\/\/zdruzenjeborcev-nobmb.si\/wp-content\/uploads\/2019\/11\/Marjetka.jpg\" alt=\"\" width=\"714\" height=\"544\" \/><\/a><br \/>\n<a href=\"https:\/\/zdruzenjeborcev-nobmb.si\/wp-content\/uploads\/2019\/11\/Marjetka.jpg\" target=\"_blank\" rel=\"noopener noreferrer\">Vidimo se na naslednjem koncertu v Mariboru<\/a><\/p>\n","protected":false},"excerpt":{"rendered":"<p>predsednik:\u00a0 Martin Kramar, e-mail: kramar.martin@gmail.com tajnica:\u00a0 \u00a0 \u00a0 \u00a0 \u00a0 \u00a0Simona \u0160ifrar\u00a0 \u00a0 \u00a0e-mail: simona.sifrar@gmail.com &nbsp; \u010clani KO ZB Slivnica-Ho\u010de smo 30.10.20 polo\u017eili venec in pri\u017egali sve\u010de pri spomeniku dvajsetim talcem, ki jih je okupator ustrelil 6.12.1944 na \u010creti. &nbsp; &nbsp; &nbsp; &nbsp; &nbsp; KONCERT DOMOLJUBNIH IN PARTIZANSKIH PESMI V KULTURNEM DOMU HO\u010cE Vidimo se &hellip; <a href=\"https:\/\/zdruzenjeborcev-nobmb.si\/?page_id=2569\" class=\"more-link\">Preberi ve\u010d<span class=\"screen-reader-text\"> &#8220;KO ZB Slivnica-Ho\u010de&#8221;<\/span><\/a><\/p>\n","protected":false},"author":1,"featured_media":0,"parent":0,"menu_order":0,"comment_status":"closed","ping_status":"closed","template":"","meta":{"footnotes":""},"_links":{"self":[{"href":"https:\/\/zdruzenjeborcev-nobmb.si\/index.php?rest_route=\/wp\/v2\/pages\/2569"}],"collection":[{"href":"https:\/\/zdruzenjeborcev-nobmb.si\/index.php?rest_route=\/wp\/v2\/pages"}],"about":[{"href":"https:\/\/zdruzenjeborcev-nobmb.si\/index.php?rest_route=\/wp\/v2\/types\/page"}],"author":[{"embeddable":true,"href":"https:\/\/zdruzenjeborcev-nobmb.si\/index.php?rest_route=\/wp\/v2\/users\/1"}],"replies":[{"embeddable":true,"href":"https:\/\/zdruzenjeborcev-nobmb.si\/index.php?rest_route=%2Fwp%2Fv2%2Fcomments&post=2569"}],"version-history":[{"count":21,"href":"https:\/\/zdruzenjeborcev-nobmb.si\/index.php?rest_route=\/wp\/v2\/pages\/2569\/revisions"}],"predecessor-version":[{"id":9133,"href":"https:\/\/zdruzenjeborcev-nobmb.si\/index.php?rest_route=\/wp\/v2\/pages\/2569\/revisions\/9133"}],"wp:attachment":[{"href":"https:\/\/zdruzenjeborcev-nobmb.si\/index.php?rest_route=%2Fwp%2Fv2%2Fmedia&parent=2569"}],"curies":[{"name":"wp","href":"https:\/\/api.w.org\/{rel}","templated":true}]}}