{"id":2566,"date":"2017-05-22T21:37:52","date_gmt":"2017-05-22T21:37:52","guid":{"rendered":"http:\/\/zdruzenjeborcev-nobmb.si\/?page_id=2566"},"modified":"2024-09-17T14:59:10","modified_gmt":"2024-09-17T12:59:10","slug":"slavko-slander-razvanje","status":"publish","type":"page","link":"https:\/\/zdruzenjeborcev-nobmb.si\/?page_id=2566","title":{"rendered":"KO ZB Slavko \u0160lander-Razvanje"},"content":{"rendered":"<p>predsednik: <b>Gorazd Stopin\u0161ek\u00a0 e-mail: <a href=\"mailto:gorazd.stopinsek@gmail.com\">gorazd.stopinsek@gmail.com<\/a>\u00a0<\/b><br \/>\ntajnica:\u00a0 \u00a0 \u00a0 \u00a0 \u00a0 <strong>Dragica Koren\u00a0 \u00a0 \u00a0 \u00a0 \u00a0<b>e-mail: <\/b><\/strong><a href=\"mailto:erihcartoon@gmail.com\">erihcartoon@gmail.com\u00a0<\/a><\/p>\n<p>&nbsp;<\/p>\n<p>&nbsp;<\/p>\n<hr \/>\n<p>Z zakasnitvijo pa vendar; spodaj fotografije z obiska tov. <strong>Anteja Si\u010di\u010da<\/strong>, \u010dlana KO ZB Slavko \u0160lander, enega zadnjih \u017eive\u010dih borcev <strong>bitke na Neretvi<\/strong>, ob njegovi visoki, \u010dastitiljivi <strong>100-ti<\/strong> letnici. Obiskali smo ga: predsednik ZB NOB Maribor <strong>Jo\u017ee Vrhnjak<\/strong>, <strong>Dragica Koren<\/strong> tajnica KO in jaz, <strong>Gorazd Stopin\u0161ek<\/strong>, predsednik Krajevne organizacije Razvanje.<br \/>\nUpam, da Si\u010di\u010du z veseljem in spo\u0161tovanjem tudi leta 2025 znova nazdravimo&#8230;<br \/>\nZapisal Gorazd Stopin\u0161ek.<\/p>\n<div id='gallery-1' class='gallery galleryid-2566 gallery-columns-2 gallery-size-full'><figure class='gallery-item'>\n\t\t\t<div class='gallery-icon landscape'>\n\t\t\t\t<a href='https:\/\/zdruzenjeborcev-nobmb.si\/?attachment_id=9239'><img loading=\"lazy\" decoding=\"async\" width=\"1280\" height=\"944\" src=\"https:\/\/zdruzenjeborcev-nobmb.si\/wp-content\/uploads\/2024\/09\/Razvanje.jpg\" class=\"attachment-full size-full\" alt=\"\" aria-describedby=\"gallery-1-9239\" srcset=\"https:\/\/zdruzenjeborcev-nobmb.si\/wp-content\/uploads\/2024\/09\/Razvanje.jpg 1280w, https:\/\/zdruzenjeborcev-nobmb.si\/wp-content\/uploads\/2024\/09\/Razvanje-300x221.jpg 300w, https:\/\/zdruzenjeborcev-nobmb.si\/wp-content\/uploads\/2024\/09\/Razvanje-1024x755.jpg 1024w, https:\/\/zdruzenjeborcev-nobmb.si\/wp-content\/uploads\/2024\/09\/Razvanje-768x566.jpg 768w, https:\/\/zdruzenjeborcev-nobmb.si\/wp-content\/uploads\/2024\/09\/Razvanje-1200x885.jpg 1200w\" sizes=\"(max-width: 709px) 85vw, (max-width: 909px) 67vw, (max-width: 1362px) 62vw, 840px\" \/><\/a>\n\t\t\t<\/div>\n\t\t\t\t<figcaption class='wp-caption-text gallery-caption' id='gallery-1-9239'>\n\t\t\t\tOb 100-ti obletnici\n\t\t\t\t<\/figcaption><\/figure><figure class='gallery-item'>\n\t\t\t<div class='gallery-icon landscape'>\n\t\t\t\t<a href='https:\/\/zdruzenjeborcev-nobmb.si\/?attachment_id=9271'><img loading=\"lazy\" decoding=\"async\" width=\"1280\" height=\"1157\" src=\"https:\/\/zdruzenjeborcev-nobmb.si\/wp-content\/uploads\/2024\/09\/Razvanje1.jpg\" class=\"attachment-full size-full\" alt=\"\" aria-describedby=\"gallery-1-9271\" srcset=\"https:\/\/zdruzenjeborcev-nobmb.si\/wp-content\/uploads\/2024\/09\/Razvanje1.jpg 1280w, https:\/\/zdruzenjeborcev-nobmb.si\/wp-content\/uploads\/2024\/09\/Razvanje1-300x271.jpg 300w, https:\/\/zdruzenjeborcev-nobmb.si\/wp-content\/uploads\/2024\/09\/Razvanje1-1024x926.jpg 1024w, https:\/\/zdruzenjeborcev-nobmb.si\/wp-content\/uploads\/2024\/09\/Razvanje1-768x694.jpg 768w, https:\/\/zdruzenjeborcev-nobmb.si\/wp-content\/uploads\/2024\/09\/Razvanje1-1200x1085.jpg 1200w\" sizes=\"(max-width: 709px) 85vw, (max-width: 909px) 67vw, (max-width: 1362px) 62vw, 840px\" \/><\/a>\n\t\t\t<\/div>\n\t\t\t\t<figcaption class='wp-caption-text gallery-caption' id='gallery-1-9271'>\n\t\t\t\tOb 100-ti obletnici\n\t\t\t\t<\/figcaption><\/figure>\n\t\t<\/div>\n\n<p>Sre\u010dno Ante! Nasvidenje naslednje leto!<\/p>\n<hr \/>\n<p>&nbsp;<\/p>\n<p><img loading=\"lazy\" decoding=\"async\" class=\"wp-image-9287 size-full aligncenter\" src=\"https:\/\/zdruzenjeborcev-nobmb.si\/wp-content\/uploads\/2024\/09\/zb1-scaled.jpg\" alt=\"\" width=\"1706\" height=\"2560\" srcset=\"https:\/\/zdruzenjeborcev-nobmb.si\/wp-content\/uploads\/2024\/09\/zb1-scaled.jpg 1706w, https:\/\/zdruzenjeborcev-nobmb.si\/wp-content\/uploads\/2024\/09\/zb1-200x300.jpg 200w, https:\/\/zdruzenjeborcev-nobmb.si\/wp-content\/uploads\/2024\/09\/zb1-682x1024.jpg 682w, https:\/\/zdruzenjeborcev-nobmb.si\/wp-content\/uploads\/2024\/09\/zb1-768x1152.jpg 768w, https:\/\/zdruzenjeborcev-nobmb.si\/wp-content\/uploads\/2024\/09\/zb1-1024x1536.jpg 1024w, https:\/\/zdruzenjeborcev-nobmb.si\/wp-content\/uploads\/2024\/09\/zb1-1365x2048.jpg 1365w, https:\/\/zdruzenjeborcev-nobmb.si\/wp-content\/uploads\/2024\/09\/zb1-1200x1801.jpg 1200w\" sizes=\"(max-width: 709px) 85vw, (max-width: 909px) 67vw, (max-width: 1362px) 62vw, 840px\" \/><\/p>\n<p><img loading=\"lazy\" decoding=\"async\" class=\"wp-image-9289 size-full aligncenter\" src=\"https:\/\/zdruzenjeborcev-nobmb.si\/wp-content\/uploads\/2024\/09\/zb2.jpg\" alt=\"\" width=\"1921\" height=\"1280\" srcset=\"https:\/\/zdruzenjeborcev-nobmb.si\/wp-content\/uploads\/2024\/09\/zb2.jpg 1921w, https:\/\/zdruzenjeborcev-nobmb.si\/wp-content\/uploads\/2024\/09\/zb2-300x200.jpg 300w, https:\/\/zdruzenjeborcev-nobmb.si\/wp-content\/uploads\/2024\/09\/zb2-1024x682.jpg 1024w, https:\/\/zdruzenjeborcev-nobmb.si\/wp-content\/uploads\/2024\/09\/zb2-768x512.jpg 768w, https:\/\/zdruzenjeborcev-nobmb.si\/wp-content\/uploads\/2024\/09\/zb2-1536x1023.jpg 1536w, https:\/\/zdruzenjeborcev-nobmb.si\/wp-content\/uploads\/2024\/09\/zb2-1200x800.jpg 1200w\" sizes=\"(max-width: 709px) 85vw, (max-width: 909px) 67vw, (max-width: 1362px) 62vw, 840px\" \/><\/p>\n<p>&nbsp;<\/p>\n<hr \/>\n","protected":false},"excerpt":{"rendered":"<p>predsednik: Gorazd Stopin\u0161ek\u00a0 e-mail: gorazd.stopinsek@gmail.com\u00a0 tajnica:\u00a0 \u00a0 \u00a0 \u00a0 \u00a0 Dragica Koren\u00a0 \u00a0 \u00a0 \u00a0 \u00a0e-mail: erihcartoon@gmail.com\u00a0 &nbsp; &nbsp; Z zakasnitvijo pa vendar; spodaj fotografije z obiska tov. Anteja Si\u010di\u010da, \u010dlana KO ZB Slavko \u0160lander, enega zadnjih \u017eive\u010dih borcev bitke na Neretvi, ob njegovi visoki, \u010dastitiljivi 100-ti letnici. Obiskali smo ga: predsednik ZB NOB Maribor &hellip; <a href=\"https:\/\/zdruzenjeborcev-nobmb.si\/?page_id=2566\" class=\"more-link\">Preberi ve\u010d<span class=\"screen-reader-text\"> &#8220;KO ZB Slavko \u0160lander-Razvanje&#8221;<\/span><\/a><\/p>\n","protected":false},"author":1,"featured_media":0,"parent":0,"menu_order":0,"comment_status":"closed","ping_status":"closed","template":"","meta":{"footnotes":""},"_links":{"self":[{"href":"https:\/\/zdruzenjeborcev-nobmb.si\/index.php?rest_route=\/wp\/v2\/pages\/2566"}],"collection":[{"href":"https:\/\/zdruzenjeborcev-nobmb.si\/index.php?rest_route=\/wp\/v2\/pages"}],"about":[{"href":"https:\/\/zdruzenjeborcev-nobmb.si\/index.php?rest_route=\/wp\/v2\/types\/page"}],"author":[{"embeddable":true,"href":"https:\/\/zdruzenjeborcev-nobmb.si\/index.php?rest_route=\/wp\/v2\/users\/1"}],"replies":[{"embeddable":true,"href":"https:\/\/zdruzenjeborcev-nobmb.si\/index.php?rest_route=%2Fwp%2Fv2%2Fcomments&post=2566"}],"version-history":[{"count":29,"href":"https:\/\/zdruzenjeborcev-nobmb.si\/index.php?rest_route=\/wp\/v2\/pages\/2566\/revisions"}],"predecessor-version":[{"id":9316,"href":"https:\/\/zdruzenjeborcev-nobmb.si\/index.php?rest_route=\/wp\/v2\/pages\/2566\/revisions\/9316"}],"wp:attachment":[{"href":"https:\/\/zdruzenjeborcev-nobmb.si\/index.php?rest_route=%2Fwp%2Fv2%2Fmedia&parent=2566"}],"curies":[{"name":"wp","href":"https:\/\/api.w.org\/{rel}","templated":true}]}}