{"id":2545,"date":"2017-05-22T21:23:54","date_gmt":"2017-05-22T21:23:54","guid":{"rendered":"http:\/\/zdruzenjeborcev-nobmb.si\/?page_id=2545"},"modified":"2025-11-01T22:57:06","modified_gmt":"2025-11-01T21:57:06","slug":"ivan-zagernik-joco","status":"publish","type":"page","link":"https:\/\/zdruzenjeborcev-nobmb.si\/?page_id=2545","title":{"rendered":"KO ZB Ivan Zagernik-Joco"},"content":{"rendered":"<p>predsednik: <strong>Andrej Kocuvan\u00a0 e-naslov: <a href=\"mailto:andrej.kocuvan@gmail.com\">andrej.kocuvan@gmail.com<\/a><\/strong><br \/>\ntajnica:\u00a0 \u00a0 \u00a0 \u00a0 \u0160tefka MER\u0160NIK\u00a0<strong>\u00a0 e-naslov: <a href=\"mailto:stefka.mersnik@triera.net\">stefka.mersnik@triera.net<\/a><\/strong><\/p>\n<hr \/>\n<p>&nbsp;<\/p>\n<h4>Komemoracija talcev z Ledine pri O\u0160 Leona \u0160tuklja<\/h4>\n<p><img loading=\"lazy\" decoding=\"async\" class=\"alignnone wp-image-9737 size-full\" src=\"https:\/\/zdruzenjeborcev-nobmb.si\/wp-content\/uploads\/2025\/11\/Andrej-3.jpg\" alt=\"\" width=\"1280\" height=\"702\" srcset=\"https:\/\/zdruzenjeborcev-nobmb.si\/wp-content\/uploads\/2025\/11\/Andrej-3.jpg 1280w, https:\/\/zdruzenjeborcev-nobmb.si\/wp-content\/uploads\/2025\/11\/Andrej-3-300x165.jpg 300w, https:\/\/zdruzenjeborcev-nobmb.si\/wp-content\/uploads\/2025\/11\/Andrej-3-1024x562.jpg 1024w, https:\/\/zdruzenjeborcev-nobmb.si\/wp-content\/uploads\/2025\/11\/Andrej-3-768x421.jpg 768w, https:\/\/zdruzenjeborcev-nobmb.si\/wp-content\/uploads\/2025\/11\/Andrej-3-1200x658.jpg 1200w\" sizes=\"(max-width: 709px) 85vw, (max-width: 909px) 67vw, (max-width: 1362px) 62vw, 840px\" \/><\/p>\n<p><img loading=\"lazy\" decoding=\"async\" class=\"wp-image-9712 size-full\" src=\"https:\/\/zdruzenjeborcev-nobmb.si\/wp-content\/uploads\/2025\/11\/Z-Ledine.jpg\" alt=\"\" width=\"1280\" height=\"720\" srcset=\"https:\/\/zdruzenjeborcev-nobmb.si\/wp-content\/uploads\/2025\/11\/Z-Ledine.jpg 1280w, https:\/\/zdruzenjeborcev-nobmb.si\/wp-content\/uploads\/2025\/11\/Z-Ledine-300x169.jpg 300w, https:\/\/zdruzenjeborcev-nobmb.si\/wp-content\/uploads\/2025\/11\/Z-Ledine-1024x576.jpg 1024w, https:\/\/zdruzenjeborcev-nobmb.si\/wp-content\/uploads\/2025\/11\/Z-Ledine-768x432.jpg 768w, https:\/\/zdruzenjeborcev-nobmb.si\/wp-content\/uploads\/2025\/11\/Z-Ledine-1200x675.jpg 1200w\" sizes=\"(max-width: 709px) 85vw, (max-width: 909px) 67vw, (max-width: 1362px) 62vw, 840px\" \/><\/p>\n<figure id=\"attachment_9734\" aria-describedby=\"caption-attachment-9734\" style=\"width: 1022px\" class=\"wp-caption alignnone\"><img loading=\"lazy\" decoding=\"async\" class=\"wp-image-9734 size-full\" src=\"https:\/\/zdruzenjeborcev-nobmb.si\/wp-content\/uploads\/2025\/11\/Andrej-2.jpg\" alt=\"\" width=\"1022\" height=\"1009\" srcset=\"https:\/\/zdruzenjeborcev-nobmb.si\/wp-content\/uploads\/2025\/11\/Andrej-2.jpg 1022w, https:\/\/zdruzenjeborcev-nobmb.si\/wp-content\/uploads\/2025\/11\/Andrej-2-300x296.jpg 300w, https:\/\/zdruzenjeborcev-nobmb.si\/wp-content\/uploads\/2025\/11\/Andrej-2-768x758.jpg 768w\" sizes=\"(max-width: 709px) 85vw, (max-width: 909px) 67vw, (max-width: 1362px) 62vw, 840px\" \/><figcaption id=\"caption-attachment-9734\" class=\"wp-caption-text\">Fotografije prispeval Andrej Kocuvan, predsednik KO ZB<\/figcaption><\/figure>\n<hr \/>\n<p>&nbsp;<\/p>\n<p>&nbsp;<\/p>\n<p>&nbsp;<\/p>\n<p>&nbsp;<\/p>\n<p>&nbsp;<\/p>\n<h4><\/h4>\n<h4>Ivan Lu\u017eovec 98 let<\/h4>\n<p><strong>Spo\u0161tovane \u010dlanice, spo\u0161tovani \u010dlani in drugi simpatizerji generala Maistra!<\/strong><br \/>\nNa <strong>Novo leto<\/strong> smo v imenu dru\u0161tva na njegovem domu v Mariboru obiskali na\u0161ega dolgoletnega <strong>najstarej\u0161ega \u010dlana Ivana Lu\u017eovca<\/strong>, ki je 24. decembra dopolnil <strong>98 let<\/strong>. <img loading=\"lazy\" decoding=\"async\" class=\"aligncenter size-full wp-image-7542\" src=\"https:\/\/zdruzenjeborcev-nobmb.si\/wp-content\/uploads\/2022\/01\/Luzovec-in-Arih-doma.jpg\" alt=\"\" width=\"1200\" height=\"900\" srcset=\"https:\/\/zdruzenjeborcev-nobmb.si\/wp-content\/uploads\/2022\/01\/Luzovec-in-Arih-doma.jpg 1200w, https:\/\/zdruzenjeborcev-nobmb.si\/wp-content\/uploads\/2022\/01\/Luzovec-in-Arih-doma-300x225.jpg 300w, https:\/\/zdruzenjeborcev-nobmb.si\/wp-content\/uploads\/2022\/01\/Luzovec-in-Arih-doma-1024x768.jpg 1024w, https:\/\/zdruzenjeborcev-nobmb.si\/wp-content\/uploads\/2022\/01\/Luzovec-in-Arih-doma-768x576.jpg 768w\" sizes=\"(max-width: 709px) 85vw, (max-width: 909px) 67vw, (max-width: 1362px) 62vw, 840px\" \/><strong>Ivan Lu\u017eovec in Ale\u0161 Arih ob albumu stari fotografij<br \/>\n<\/strong><\/p>\n<hr \/>\n<p>Zelo dobro se spominja svoje dolge, zanimive in predvsem v \u010dasu <strong>2. svetovne vojne<\/strong> zelo te\u017eke \u017eivljenjske poti. Leta 1941 je bil z dru\u017eino izgnan v Bosno, ki je bila v \u010dasu 2. svetovne vojne del usta\u0161ke NDH.<br \/>\n<strong>Leta 1944 se je v Bosni v skladu z lastno vestjo pridru\u017eil partizanom.<\/strong> <img loading=\"lazy\" decoding=\"async\" class=\"aligncenter size-full wp-image-7543\" src=\"https:\/\/zdruzenjeborcev-nobmb.si\/wp-content\/uploads\/2022\/01\/Luzovec-v-partizanih.jpg\" alt=\"\" width=\"1200\" height=\"671\" srcset=\"https:\/\/zdruzenjeborcev-nobmb.si\/wp-content\/uploads\/2022\/01\/Luzovec-v-partizanih.jpg 1200w, https:\/\/zdruzenjeborcev-nobmb.si\/wp-content\/uploads\/2022\/01\/Luzovec-v-partizanih-300x168.jpg 300w, https:\/\/zdruzenjeborcev-nobmb.si\/wp-content\/uploads\/2022\/01\/Luzovec-v-partizanih-1024x573.jpg 1024w, https:\/\/zdruzenjeborcev-nobmb.si\/wp-content\/uploads\/2022\/01\/Luzovec-v-partizanih-768x429.jpg 768w\" sizes=\"(max-width: 709px) 85vw, (max-width: 909px) 67vw, (max-width: 1362px) 62vw, 840px\" \/><\/p>\n<p><img loading=\"lazy\" decoding=\"async\" class=\"aligncenter size-full wp-image-7544\" src=\"https:\/\/zdruzenjeborcev-nobmb.si\/wp-content\/uploads\/2022\/01\/Luzovec-in-Rosa.jpg\" alt=\"\" width=\"1200\" height=\"801\" srcset=\"https:\/\/zdruzenjeborcev-nobmb.si\/wp-content\/uploads\/2022\/01\/Luzovec-in-Rosa.jpg 1200w, https:\/\/zdruzenjeborcev-nobmb.si\/wp-content\/uploads\/2022\/01\/Luzovec-in-Rosa-300x200.jpg 300w, https:\/\/zdruzenjeborcev-nobmb.si\/wp-content\/uploads\/2022\/01\/Luzovec-in-Rosa-1024x684.jpg 1024w, https:\/\/zdruzenjeborcev-nobmb.si\/wp-content\/uploads\/2022\/01\/Luzovec-in-Rosa-768x513.jpg 768w\" sizes=\"(max-width: 709px) 85vw, (max-width: 909px) 67vw, (max-width: 1362px) 62vw, 840px\" \/><\/p>\n<hr \/>\n<p>Po vojni je v Ljubljani \u0161tudiral ekonomijo. Leta 1948 se je pridru\u017eil <strong>planinskemu dru\u0161tvu<\/strong> in planinstvu ostal zvest do pozne starosti. <img loading=\"lazy\" decoding=\"async\" class=\"aligncenter size-full wp-image-7545\" src=\"https:\/\/zdruzenjeborcev-nobmb.si\/wp-content\/uploads\/2022\/01\/Luzovec-z-daljnogledom.jpg\" alt=\"\" width=\"1200\" height=\"900\" srcset=\"https:\/\/zdruzenjeborcev-nobmb.si\/wp-content\/uploads\/2022\/01\/Luzovec-z-daljnogledom.jpg 1200w, https:\/\/zdruzenjeborcev-nobmb.si\/wp-content\/uploads\/2022\/01\/Luzovec-z-daljnogledom-300x225.jpg 300w, https:\/\/zdruzenjeborcev-nobmb.si\/wp-content\/uploads\/2022\/01\/Luzovec-z-daljnogledom-1024x768.jpg 1024w, https:\/\/zdruzenjeborcev-nobmb.si\/wp-content\/uploads\/2022\/01\/Luzovec-z-daljnogledom-768x576.jpg 768w\" sizes=\"(max-width: 709px) 85vw, (max-width: 909px) 67vw, (max-width: 1362px) 62vw, 840px\" \/>Dolga leta je bil oskrbnik Mariborske ko\u010de.<\/p>\n<p>Je \u010dlan <strong>Zdru\u017eenja borcev za vrednote NOB Maribor<\/strong> in \u0161e vedno aktiven <strong>prapor\u0161\u010dak<\/strong> <strong>KO ZB Ivan Zagernik-Joco<\/strong>.<img loading=\"lazy\" decoding=\"async\" class=\"aligncenter size-full wp-image-7546\" src=\"https:\/\/zdruzenjeborcev-nobmb.si\/wp-content\/uploads\/2022\/01\/KOMEMORACIJE-2021-ob-spomeniku-talcem-Stane-in-praporscaki.jpg\" alt=\"\" width=\"1406\" height=\"759\" srcset=\"https:\/\/zdruzenjeborcev-nobmb.si\/wp-content\/uploads\/2022\/01\/KOMEMORACIJE-2021-ob-spomeniku-talcem-Stane-in-praporscaki.jpg 1406w, https:\/\/zdruzenjeborcev-nobmb.si\/wp-content\/uploads\/2022\/01\/KOMEMORACIJE-2021-ob-spomeniku-talcem-Stane-in-praporscaki-300x162.jpg 300w, https:\/\/zdruzenjeborcev-nobmb.si\/wp-content\/uploads\/2022\/01\/KOMEMORACIJE-2021-ob-spomeniku-talcem-Stane-in-praporscaki-1024x553.jpg 1024w, https:\/\/zdruzenjeborcev-nobmb.si\/wp-content\/uploads\/2022\/01\/KOMEMORACIJE-2021-ob-spomeniku-talcem-Stane-in-praporscaki-768x415.jpg 768w, https:\/\/zdruzenjeborcev-nobmb.si\/wp-content\/uploads\/2022\/01\/KOMEMORACIJE-2021-ob-spomeniku-talcem-Stane-in-praporscaki-1200x648.jpg 1200w\" sizes=\"(max-width: 709px) 85vw, (max-width: 909px) 67vw, (max-width: 1362px) 62vw, 840px\" \/><\/p>\n<p><img loading=\"lazy\" decoding=\"async\" class=\"aligncenter size-full wp-image-7547\" src=\"https:\/\/zdruzenjeborcev-nobmb.si\/wp-content\/uploads\/2022\/01\/Praporscak.jpg\" alt=\"\" width=\"500\" height=\"1733\" \/><\/p>\n<hr \/>\n<p>&nbsp;<\/p>\n<p>&nbsp;<\/p>\n<p>&nbsp;<\/p>\n<p>&nbsp;<\/p>\n<p>Na starem radvanjskem pokopali\u0161\u010du so predstavniki <strong>KO ZB Ivan Zagernik-Joco<\/strong> polo\u017eili venec. Spodaj poglejte<br \/>\n<strong><a href=\"https:\/\/zdruzenjeborcev-nobmb.si\/wp-content\/uploads\/2020\/11\/Ivan-Zagernik-Joco.pps\" target=\"_blank\" rel=\"noopener noreferrer\">album fotografij.<\/a><\/strong><\/p>\n<hr \/>\n<p>&nbsp;<\/p>\n<p>&nbsp;<\/p>\n<p>&nbsp;<\/p>\n<p><strong>V nedeljo 26. aprila ob 20. uri<\/strong> bo osrednja dr\u017eavna slovesnost, posve\u010dena 79. obletnici ustanovitve <strong>Osvobodilne fronte slovenskega naroda<\/strong>. Slavnostni govornik bo predsednik ZZB NOB Slovenije tovari\u0161 <strong>Marijan Kri\u017eman<\/strong>.<\/p>\n<h5><strong>Video vabilo na slovesnost poglej\u00a0<\/strong>\u00a0<a href=\"https:\/\/www.youtube.com\/watch?v=RAQzYINZx3c\" target=\"_blank\" rel=\"noopener noreferrer\">TUKAJ<\/a><\/h5>\n<p>Zaradi prepovedi <strong>mno\u017ei\u010dnega zbiranja<\/strong> na javnih dogodkih bomo \u017eal letos proslavljali na<strong> tem ekranu.<\/strong><br \/>\nKako?<\/p>\n<h5><strong>Preprosto tako, da kliknemo na<\/strong>\u00a0<a href=\"https:\/\/www.facebook.com\/zvezaborcev\/\" target=\"_blank\" rel=\"noopener noreferrer\">facebook zveze borcev<\/a><\/h5>\n<hr \/>\n<p>&nbsp;<\/p>\n<h6>Prispevki \u010dlanic in \u010dlanov<\/h6>\n<hr \/>\n<h6>Me\u0161\u010danke in me\u0161\u010dani od leta 2013 naprej\u00a0aktivno delujemo v Samoorganizirani mestni \u010detrti Nova vas&#8230;<br \/>\nKako?<br \/>\nVe\u010d o tem,\u00a0 klik na povezavo spodaj in<\/h6>\n<h4><a href=\"https:\/\/zdruzenjeborcev-nobmb.si\/wp-content\/uploads\/2018\/03\/Cilka_S.pdf\" target=\"_blank\" rel=\"noopener noreferrer\">PREBERI VE\u010c<\/a><\/h4>\n<hr \/>\n<p>Oglejmo si \u0161e komemoracijo na Ledini<\/p>\n<h4><a href=\"https:\/\/zdruzenjeborcev-nobmb.si\/wp-content\/uploads\/2018\/12\/Letos-mineva-100-let_1.ppsx\">Letos mineva 100 let<\/a><\/h4>\n<hr \/>\n<p>&nbsp;<\/p>\n","protected":false},"excerpt":{"rendered":"<p>predsednik: Andrej Kocuvan\u00a0 e-naslov: andrej.kocuvan@gmail.com tajnica:\u00a0 \u00a0 \u00a0 \u00a0 \u0160tefka MER\u0160NIK\u00a0\u00a0 e-naslov: stefka.mersnik@triera.net &nbsp; Komemoracija talcev z Ledine pri O\u0160 Leona \u0160tuklja &nbsp; &nbsp; &nbsp; &nbsp; &nbsp; Ivan Lu\u017eovec 98 let Spo\u0161tovane \u010dlanice, spo\u0161tovani \u010dlani in drugi simpatizerji generala Maistra! Na Novo leto smo v imenu dru\u0161tva na njegovem domu v Mariboru obiskali na\u0161ega dolgoletnega &hellip; <a href=\"https:\/\/zdruzenjeborcev-nobmb.si\/?page_id=2545\" class=\"more-link\">Preberi ve\u010d<span class=\"screen-reader-text\"> &#8220;KO ZB Ivan Zagernik-Joco&#8221;<\/span><\/a><\/p>\n","protected":false},"author":1,"featured_media":4145,"parent":0,"menu_order":0,"comment_status":"closed","ping_status":"closed","template":"","meta":{"footnotes":""},"_links":{"self":[{"href":"https:\/\/zdruzenjeborcev-nobmb.si\/index.php?rest_route=\/wp\/v2\/pages\/2545"}],"collection":[{"href":"https:\/\/zdruzenjeborcev-nobmb.si\/index.php?rest_route=\/wp\/v2\/pages"}],"about":[{"href":"https:\/\/zdruzenjeborcev-nobmb.si\/index.php?rest_route=\/wp\/v2\/types\/page"}],"author":[{"embeddable":true,"href":"https:\/\/zdruzenjeborcev-nobmb.si\/index.php?rest_route=\/wp\/v2\/users\/1"}],"replies":[{"embeddable":true,"href":"https:\/\/zdruzenjeborcev-nobmb.si\/index.php?rest_route=%2Fwp%2Fv2%2Fcomments&post=2545"}],"version-history":[{"count":48,"href":"https:\/\/zdruzenjeborcev-nobmb.si\/index.php?rest_route=\/wp\/v2\/pages\/2545\/revisions"}],"predecessor-version":[{"id":9736,"href":"https:\/\/zdruzenjeborcev-nobmb.si\/index.php?rest_route=\/wp\/v2\/pages\/2545\/revisions\/9736"}],"wp:featuredmedia":[{"embeddable":true,"href":"https:\/\/zdruzenjeborcev-nobmb.si\/index.php?rest_route=\/wp\/v2\/media\/4145"}],"wp:attachment":[{"href":"https:\/\/zdruzenjeborcev-nobmb.si\/index.php?rest_route=%2Fwp%2Fv2%2Fmedia&parent=2545"}],"curies":[{"name":"wp","href":"https:\/\/api.w.org\/{rel}","templated":true}]}}