{"id":1727,"date":"2017-04-24T11:08:21","date_gmt":"2017-04-24T11:08:21","guid":{"rendered":"http:\/\/zdruzenjeborcev-nobmb.si\/?page_id=1727"},"modified":"2023-06-29T23:05:03","modified_gmt":"2023-06-29T21:05:03","slug":"koroska-vrata","status":"publish","type":"page","link":"https:\/\/zdruzenjeborcev-nobmb.si\/?page_id=1727","title":{"rendered":"KO ZB Koro\u0161ka vrata-Kamnica"},"content":{"rendered":"<p>predsednica: <strong>Mal\u010dka Kova\u010di\u010d\u00a0 e-mail:<\/strong><br \/>\ntajnica:\u00a0 \u00a0 \u00a0 \u00a0 \u00a0 \u00a0 Slavica Logar\u00a0 \u00a0 \u00a0 \u00a0 <strong>e-mail: \u00a0<\/strong><a href=\"mailto:slavica.logar@gmail.com\">slavica.logar@gmail.com<\/a><\/p>\n<hr \/>\n<p>&nbsp;<\/p>\n<h3><strong>Olga Faith &#8211; 100 let<\/strong><\/h3>\n<h5><strong>\u010clani odbora KO ZB so, ob njenem visokem \u017eivljenjskem jubileju-<\/strong>100-ti<strong> obletnici, na domu obiskali svojo \u010dlanico Olgo Faith.<\/strong><\/h5>\n<p>Poglej spodaj tri posnetke:<\/p>\n<p><img loading=\"lazy\" decoding=\"async\" class=\"aligncenter wp-image-7292 size-full\" src=\"https:\/\/zdruzenjeborcev-nobmb.si\/wp-content\/uploads\/2021\/09\/Resized_20210826_1000231-e1632328211345.jpeg\" alt=\"\" width=\"756\" height=\"1008\" \/><\/p>\n<p>&nbsp;<\/p>\n<p><img loading=\"lazy\" decoding=\"async\" class=\"aligncenter wp-image-7293 size-full\" src=\"https:\/\/zdruzenjeborcev-nobmb.si\/wp-content\/uploads\/2021\/09\/Resized_20210826_1000391.jpeg\" alt=\"\" width=\"756\" height=\"1008\" srcset=\"https:\/\/zdruzenjeborcev-nobmb.si\/wp-content\/uploads\/2021\/09\/Resized_20210826_1000391.jpeg 756w, https:\/\/zdruzenjeborcev-nobmb.si\/wp-content\/uploads\/2021\/09\/Resized_20210826_1000391-225x300.jpeg 225w\" sizes=\"(max-width: 756px) 85vw, 756px\" \/><\/p>\n<p><img loading=\"lazy\" decoding=\"async\" class=\"aligncenter wp-image-7294\" src=\"https:\/\/zdruzenjeborcev-nobmb.si\/wp-content\/uploads\/2021\/09\/Resized_20210826_100828-e1632327964934.jpeg\" alt=\"\" width=\"1200\" height=\"1600\" \/><\/p>\n","protected":false},"excerpt":{"rendered":"<p>predsednica: Mal\u010dka Kova\u010di\u010d\u00a0 e-mail: tajnica:\u00a0 \u00a0 \u00a0 \u00a0 \u00a0 \u00a0 Slavica Logar\u00a0 \u00a0 \u00a0 \u00a0 e-mail: \u00a0slavica.logar@gmail.com &nbsp; Olga Faith &#8211; 100 let \u010clani odbora KO ZB so, ob njenem visokem \u017eivljenjskem jubileju-100-ti obletnici, na domu obiskali svojo \u010dlanico Olgo Faith. Poglej spodaj tri posnetke: &nbsp;<\/p>\n","protected":false},"author":1,"featured_media":6177,"parent":0,"menu_order":0,"comment_status":"closed","ping_status":"closed","template":"","meta":{"footnotes":""},"_links":{"self":[{"href":"https:\/\/zdruzenjeborcev-nobmb.si\/index.php?rest_route=\/wp\/v2\/pages\/1727"}],"collection":[{"href":"https:\/\/zdruzenjeborcev-nobmb.si\/index.php?rest_route=\/wp\/v2\/pages"}],"about":[{"href":"https:\/\/zdruzenjeborcev-nobmb.si\/index.php?rest_route=\/wp\/v2\/types\/page"}],"author":[{"embeddable":true,"href":"https:\/\/zdruzenjeborcev-nobmb.si\/index.php?rest_route=\/wp\/v2\/users\/1"}],"replies":[{"embeddable":true,"href":"https:\/\/zdruzenjeborcev-nobmb.si\/index.php?rest_route=%2Fwp%2Fv2%2Fcomments&post=1727"}],"version-history":[{"count":19,"href":"https:\/\/zdruzenjeborcev-nobmb.si\/index.php?rest_route=\/wp\/v2\/pages\/1727\/revisions"}],"predecessor-version":[{"id":8835,"href":"https:\/\/zdruzenjeborcev-nobmb.si\/index.php?rest_route=\/wp\/v2\/pages\/1727\/revisions\/8835"}],"wp:featuredmedia":[{"embeddable":true,"href":"https:\/\/zdruzenjeborcev-nobmb.si\/index.php?rest_route=\/wp\/v2\/media\/6177"}],"wp:attachment":[{"href":"https:\/\/zdruzenjeborcev-nobmb.si\/index.php?rest_route=%2Fwp%2Fv2%2Fmedia&parent=1727"}],"curies":[{"name":"wp","href":"https:\/\/api.w.org\/{rel}","templated":true}]}}