{"id":1724,"date":"2017-04-24T11:00:37","date_gmt":"2017-04-24T11:00:37","guid":{"rendered":"http:\/\/zdruzenjeborcev-nobmb.si\/?page_id=1724"},"modified":"2025-12-21T18:55:23","modified_gmt":"2025-12-21T17:55:23","slug":"ivan-cankar","status":"publish","type":"page","link":"https:\/\/zdruzenjeborcev-nobmb.si\/?page_id=1724","title":{"rendered":"KO ZB Ivan Cankar"},"content":{"rendered":"<p>predsednica: <strong>Jana PESERL\u00a0 \u00a0e-mail: <a href=\"mailto:jana.peserl@guest.arnes.si\">jana.peserl@guest.arnes.si<\/a><br \/>\n<\/strong>tajnica:\u00a0 \u00a0 \u00a0 \u00a0 \u00a0 \u00a0<strong>Marija Vernik\u00a0 e-mail: <a href=\"mailto:meri.vernik@gmail.com\">meri.vernik@gmail.com<\/a><u><\/u><\/strong><\/p>\n<hr \/>\n<h4 style=\"text-align: center;\">prednovoletno sre\u010danje<\/h4>\n<h5><strong>\u010clani in \u010dlanice KO ZB <\/strong>Ivan Cankar<strong> in <\/strong>Center<strong> na prednovoletnem sre\u010danju v La Cantini<\/strong><br \/>\n<img loading=\"lazy\" decoding=\"async\" class=\"alignnone size-full wp-image-9839\" src=\"https:\/\/zdruzenjeborcev-nobmb.si\/wp-content\/uploads\/2025\/12\/ZB_Ivan-Cankar-1.jpg\" alt=\"\" width=\"1280\" height=\"960\" srcset=\"https:\/\/zdruzenjeborcev-nobmb.si\/wp-content\/uploads\/2025\/12\/ZB_Ivan-Cankar-1.jpg 1280w, https:\/\/zdruzenjeborcev-nobmb.si\/wp-content\/uploads\/2025\/12\/ZB_Ivan-Cankar-1-300x225.jpg 300w, https:\/\/zdruzenjeborcev-nobmb.si\/wp-content\/uploads\/2025\/12\/ZB_Ivan-Cankar-1-1024x768.jpg 1024w, https:\/\/zdruzenjeborcev-nobmb.si\/wp-content\/uploads\/2025\/12\/ZB_Ivan-Cankar-1-768x576.jpg 768w, https:\/\/zdruzenjeborcev-nobmb.si\/wp-content\/uploads\/2025\/12\/ZB_Ivan-Cankar-1-1200x900.jpg 1200w\" sizes=\"(max-width: 709px) 85vw, (max-width: 909px) 67vw, (max-width: 1362px) 62vw, 840px\" \/><strong>Najprej so se sestali ob Trafiki v parku in si ogledali razstavo ob 50-letnici postavitve spomenika NOB.<br \/>\n<img loading=\"lazy\" decoding=\"async\" class=\"alignnone size-full wp-image-9841\" src=\"https:\/\/zdruzenjeborcev-nobmb.si\/wp-content\/uploads\/2025\/12\/ZB_Ivan-Cankar4-1.jpg\" alt=\"\" width=\"1280\" height=\"960\" srcset=\"https:\/\/zdruzenjeborcev-nobmb.si\/wp-content\/uploads\/2025\/12\/ZB_Ivan-Cankar4-1.jpg 1280w, https:\/\/zdruzenjeborcev-nobmb.si\/wp-content\/uploads\/2025\/12\/ZB_Ivan-Cankar4-1-300x225.jpg 300w, https:\/\/zdruzenjeborcev-nobmb.si\/wp-content\/uploads\/2025\/12\/ZB_Ivan-Cankar4-1-1024x768.jpg 1024w, https:\/\/zdruzenjeborcev-nobmb.si\/wp-content\/uploads\/2025\/12\/ZB_Ivan-Cankar4-1-768x576.jpg 768w, https:\/\/zdruzenjeborcev-nobmb.si\/wp-content\/uploads\/2025\/12\/ZB_Ivan-Cankar4-1-1200x900.jpg 1200w\" sizes=\"(max-width: 709px) 85vw, (max-width: 909px) 67vw, (max-width: 1362px) 62vw, 840px\" \/><br \/>\n<img loading=\"lazy\" decoding=\"async\" class=\"alignnone size-full wp-image-9842\" src=\"https:\/\/zdruzenjeborcev-nobmb.si\/wp-content\/uploads\/2025\/12\/ZB_Ivan-Cankar1.jpg\" alt=\"\" width=\"1280\" height=\"960\" srcset=\"https:\/\/zdruzenjeborcev-nobmb.si\/wp-content\/uploads\/2025\/12\/ZB_Ivan-Cankar1.jpg 1280w, https:\/\/zdruzenjeborcev-nobmb.si\/wp-content\/uploads\/2025\/12\/ZB_Ivan-Cankar1-300x225.jpg 300w, https:\/\/zdruzenjeborcev-nobmb.si\/wp-content\/uploads\/2025\/12\/ZB_Ivan-Cankar1-1024x768.jpg 1024w, https:\/\/zdruzenjeborcev-nobmb.si\/wp-content\/uploads\/2025\/12\/ZB_Ivan-Cankar1-768x576.jpg 768w, https:\/\/zdruzenjeborcev-nobmb.si\/wp-content\/uploads\/2025\/12\/ZB_Ivan-Cankar1-1200x900.jpg 1200w\" sizes=\"(max-width: 709px) 85vw, (max-width: 909px) 67vw, (max-width: 1362px) 62vw, 840px\" \/>Razlaga Rok Kajzer.<\/strong><br \/>\n<img loading=\"lazy\" decoding=\"async\" class=\"alignnone size-full wp-image-9843\" src=\"https:\/\/zdruzenjeborcev-nobmb.si\/wp-content\/uploads\/2025\/12\/ZB_Ivan-Cankar3.jpg\" alt=\"\" width=\"1280\" height=\"1707\" srcset=\"https:\/\/zdruzenjeborcev-nobmb.si\/wp-content\/uploads\/2025\/12\/ZB_Ivan-Cankar3.jpg 1280w, https:\/\/zdruzenjeborcev-nobmb.si\/wp-content\/uploads\/2025\/12\/ZB_Ivan-Cankar3-225x300.jpg 225w, https:\/\/zdruzenjeborcev-nobmb.si\/wp-content\/uploads\/2025\/12\/ZB_Ivan-Cankar3-768x1024.jpg 768w, https:\/\/zdruzenjeborcev-nobmb.si\/wp-content\/uploads\/2025\/12\/ZB_Ivan-Cankar3-1152x1536.jpg 1152w, https:\/\/zdruzenjeborcev-nobmb.si\/wp-content\/uploads\/2025\/12\/ZB_Ivan-Cankar3-1200x1600.jpg 1200w\" sizes=\"(max-width: 709px) 85vw, (max-width: 909px) 67vw, (max-width: 1362px) 62vw, 840px\" \/><br \/>\n<strong>Spomenik je delo Slavka Tihca iz leta 1975.<\/strong><img loading=\"lazy\" decoding=\"async\" class=\"alignnone size-full wp-image-2091 alignleft\" src=\"https:\/\/zdruzenjeborcev-nobmb.si\/wp-content\/uploads\/2017\/05\/Spomenik-NOB.jpg\" alt=\"\" width=\"1024\" height=\"1091\" srcset=\"https:\/\/zdruzenjeborcev-nobmb.si\/wp-content\/uploads\/2017\/05\/Spomenik-NOB.jpg 1024w, https:\/\/zdruzenjeborcev-nobmb.si\/wp-content\/uploads\/2017\/05\/Spomenik-NOB-282x300.jpg 282w, https:\/\/zdruzenjeborcev-nobmb.si\/wp-content\/uploads\/2017\/05\/Spomenik-NOB-768x818.jpg 768w, https:\/\/zdruzenjeborcev-nobmb.si\/wp-content\/uploads\/2017\/05\/Spomenik-NOB-961x1024.jpg 961w\" sizes=\"(max-width: 709px) 85vw, (max-width: 909px) 67vw, (max-width: 1362px) 62vw, 840px\" \/><\/h5>\n<h5 style=\"text-align: left;\"><strong>Prisotnih 19 \u010dlanov in \u010dlanic. Veseli ob prijetnem dru\u017eenju.<\/strong><br \/>\n<img loading=\"lazy\" decoding=\"async\" class=\"alignnone size-full wp-image-9844\" src=\"https:\/\/zdruzenjeborcev-nobmb.si\/wp-content\/uploads\/2025\/12\/ZB_Ivan-Cankar2.jpg\" alt=\"\" width=\"1280\" height=\"960\" srcset=\"https:\/\/zdruzenjeborcev-nobmb.si\/wp-content\/uploads\/2025\/12\/ZB_Ivan-Cankar2.jpg 1280w, https:\/\/zdruzenjeborcev-nobmb.si\/wp-content\/uploads\/2025\/12\/ZB_Ivan-Cankar2-300x225.jpg 300w, https:\/\/zdruzenjeborcev-nobmb.si\/wp-content\/uploads\/2025\/12\/ZB_Ivan-Cankar2-1024x768.jpg 1024w, https:\/\/zdruzenjeborcev-nobmb.si\/wp-content\/uploads\/2025\/12\/ZB_Ivan-Cankar2-768x576.jpg 768w, https:\/\/zdruzenjeborcev-nobmb.si\/wp-content\/uploads\/2025\/12\/ZB_Ivan-Cankar2-1200x900.jpg 1200w\" sizes=\"(max-width: 709px) 85vw, (max-width: 909px) 67vw, (max-width: 1362px) 62vw, 840px\" \/><\/h5>\n<h5><strong>Vesele novoletne praznike!\u00a0 \u00a0 \u00a0 \u00a0 <\/strong>In sre\u010dno v 2026!<\/h5>\n<hr \/>\n<p>&nbsp;<\/p>\n<p>&nbsp;<\/p>\n<p>&nbsp;<\/p>\n<p>&nbsp;<\/p>\n<p>&nbsp;<\/p>\n<p>&nbsp;<\/p>\n<h4>polaganja vencev ob spominskih obele\u017ejih<\/h4>\n<h5>V torek, 28. oktobra 2025<\/h5>\n<p>na Trgu Borisa Kidri\u010da in nadaljevanje s polaganjem vencev \u0161e na preostalih petih lokacijah v Mariboru.<\/p>\n<p><img loading=\"lazy\" decoding=\"async\" class=\"alignnone size-full wp-image-9740\" src=\"https:\/\/zdruzenjeborcev-nobmb.si\/wp-content\/uploads\/2025\/11\/Spomenik_BK1.jpg\" alt=\"\" width=\"1280\" height=\"1731\" srcset=\"https:\/\/zdruzenjeborcev-nobmb.si\/wp-content\/uploads\/2025\/11\/Spomenik_BK1.jpg 1280w, https:\/\/zdruzenjeborcev-nobmb.si\/wp-content\/uploads\/2025\/11\/Spomenik_BK1-222x300.jpg 222w, https:\/\/zdruzenjeborcev-nobmb.si\/wp-content\/uploads\/2025\/11\/Spomenik_BK1-757x1024.jpg 757w, https:\/\/zdruzenjeborcev-nobmb.si\/wp-content\/uploads\/2025\/11\/Spomenik_BK1-768x1039.jpg 768w, https:\/\/zdruzenjeborcev-nobmb.si\/wp-content\/uploads\/2025\/11\/Spomenik_BK1-1136x1536.jpg 1136w, https:\/\/zdruzenjeborcev-nobmb.si\/wp-content\/uploads\/2025\/11\/Spomenik_BK1-1200x1623.jpg 1200w\" sizes=\"(max-width: 709px) 85vw, (max-width: 909px) 67vw, (max-width: 1362px) 62vw, 840px\" \/><\/p>\n<p><img loading=\"lazy\" decoding=\"async\" class=\"alignnone size-full wp-image-9741\" src=\"https:\/\/zdruzenjeborcev-nobmb.si\/wp-content\/uploads\/2025\/11\/Ven_BK.jpg\" alt=\"\" width=\"1280\" height=\"870\" srcset=\"https:\/\/zdruzenjeborcev-nobmb.si\/wp-content\/uploads\/2025\/11\/Ven_BK.jpg 1280w, https:\/\/zdruzenjeborcev-nobmb.si\/wp-content\/uploads\/2025\/11\/Ven_BK-300x204.jpg 300w, https:\/\/zdruzenjeborcev-nobmb.si\/wp-content\/uploads\/2025\/11\/Ven_BK-1024x696.jpg 1024w, https:\/\/zdruzenjeborcev-nobmb.si\/wp-content\/uploads\/2025\/11\/Ven_BK-768x522.jpg 768w, https:\/\/zdruzenjeborcev-nobmb.si\/wp-content\/uploads\/2025\/11\/Ven_BK-1200x816.jpg 1200w\" sizes=\"(max-width: 709px) 85vw, (max-width: 909px) 67vw, (max-width: 1362px) 62vw, 840px\" \/><\/p>\n<p><img loading=\"lazy\" decoding=\"async\" class=\"alignnone size-full wp-image-9745\" src=\"https:\/\/zdruzenjeborcev-nobmb.si\/wp-content\/uploads\/2025\/11\/Spomenik1.jpg\" alt=\"\" width=\"1280\" height=\"1547\" srcset=\"https:\/\/zdruzenjeborcev-nobmb.si\/wp-content\/uploads\/2025\/11\/Spomenik1.jpg 1280w, https:\/\/zdruzenjeborcev-nobmb.si\/wp-content\/uploads\/2025\/11\/Spomenik1-248x300.jpg 248w, https:\/\/zdruzenjeborcev-nobmb.si\/wp-content\/uploads\/2025\/11\/Spomenik1-847x1024.jpg 847w, https:\/\/zdruzenjeborcev-nobmb.si\/wp-content\/uploads\/2025\/11\/Spomenik1-768x928.jpg 768w, https:\/\/zdruzenjeborcev-nobmb.si\/wp-content\/uploads\/2025\/11\/Spomenik1-1271x1536.jpg 1271w, https:\/\/zdruzenjeborcev-nobmb.si\/wp-content\/uploads\/2025\/11\/Spomenik1-1200x1450.jpg 1200w\" sizes=\"(max-width: 709px) 85vw, (max-width: 909px) 67vw, (max-width: 1362px) 62vw, 840px\" \/><\/p>\n<p><img loading=\"lazy\" decoding=\"async\" class=\"alignnone size-full wp-image-9743\" src=\"https:\/\/zdruzenjeborcev-nobmb.si\/wp-content\/uploads\/2025\/11\/Spom_manj.jpg\" alt=\"\" width=\"1280\" height=\"1707\" srcset=\"https:\/\/zdruzenjeborcev-nobmb.si\/wp-content\/uploads\/2025\/11\/Spom_manj.jpg 1280w, https:\/\/zdruzenjeborcev-nobmb.si\/wp-content\/uploads\/2025\/11\/Spom_manj-225x300.jpg 225w, https:\/\/zdruzenjeborcev-nobmb.si\/wp-content\/uploads\/2025\/11\/Spom_manj-768x1024.jpg 768w, https:\/\/zdruzenjeborcev-nobmb.si\/wp-content\/uploads\/2025\/11\/Spom_manj-1152x1536.jpg 1152w, https:\/\/zdruzenjeborcev-nobmb.si\/wp-content\/uploads\/2025\/11\/Spom_manj-1200x1600.jpg 1200w\" sizes=\"(max-width: 709px) 85vw, (max-width: 909px) 67vw, (max-width: 1362px) 62vw, 840px\" \/><\/p>\n<p><img loading=\"lazy\" decoding=\"async\" class=\"alignnone size-full wp-image-9744\" src=\"https:\/\/zdruzenjeborcev-nobmb.si\/wp-content\/uploads\/2025\/11\/Spom_venec.jpg\" alt=\"\" width=\"1280\" height=\"1327\" srcset=\"https:\/\/zdruzenjeborcev-nobmb.si\/wp-content\/uploads\/2025\/11\/Spom_venec.jpg 1280w, https:\/\/zdruzenjeborcev-nobmb.si\/wp-content\/uploads\/2025\/11\/Spom_venec-289x300.jpg 289w, https:\/\/zdruzenjeborcev-nobmb.si\/wp-content\/uploads\/2025\/11\/Spom_venec-988x1024.jpg 988w, https:\/\/zdruzenjeborcev-nobmb.si\/wp-content\/uploads\/2025\/11\/Spom_venec-768x796.jpg 768w, https:\/\/zdruzenjeborcev-nobmb.si\/wp-content\/uploads\/2025\/11\/Spom_venec-1200x1244.jpg 1200w\" sizes=\"(max-width: 709px) 85vw, (max-width: 909px) 67vw, (max-width: 1362px) 62vw, 840px\" \/><\/p>\n<p><img loading=\"lazy\" decoding=\"async\" class=\"alignnone size-full wp-image-9742\" src=\"https:\/\/zdruzenjeborcev-nobmb.si\/wp-content\/uploads\/2025\/11\/Spom_vsi.jpg\" alt=\"\" width=\"1280\" height=\"714\" srcset=\"https:\/\/zdruzenjeborcev-nobmb.si\/wp-content\/uploads\/2025\/11\/Spom_vsi.jpg 1280w, https:\/\/zdruzenjeborcev-nobmb.si\/wp-content\/uploads\/2025\/11\/Spom_vsi-300x167.jpg 300w, https:\/\/zdruzenjeborcev-nobmb.si\/wp-content\/uploads\/2025\/11\/Spom_vsi-1024x571.jpg 1024w, https:\/\/zdruzenjeborcev-nobmb.si\/wp-content\/uploads\/2025\/11\/Spom_vsi-768x428.jpg 768w, https:\/\/zdruzenjeborcev-nobmb.si\/wp-content\/uploads\/2025\/11\/Spom_vsi-1200x669.jpg 1200w\" sizes=\"(max-width: 709px) 85vw, (max-width: 909px) 67vw, (max-width: 1362px) 62vw, 840px\" \/><\/p>\n<p><img loading=\"lazy\" decoding=\"async\" class=\"alignnone size-full wp-image-9749\" src=\"https:\/\/zdruzenjeborcev-nobmb.si\/wp-content\/uploads\/2025\/11\/Postojanka.jpg\" alt=\"\" width=\"1280\" height=\"1437\" srcset=\"https:\/\/zdruzenjeborcev-nobmb.si\/wp-content\/uploads\/2025\/11\/Postojanka.jpg 1280w, https:\/\/zdruzenjeborcev-nobmb.si\/wp-content\/uploads\/2025\/11\/Postojanka-267x300.jpg 267w, https:\/\/zdruzenjeborcev-nobmb.si\/wp-content\/uploads\/2025\/11\/Postojanka-912x1024.jpg 912w, https:\/\/zdruzenjeborcev-nobmb.si\/wp-content\/uploads\/2025\/11\/Postojanka-768x862.jpg 768w, https:\/\/zdruzenjeborcev-nobmb.si\/wp-content\/uploads\/2025\/11\/Postojanka-1200x1347.jpg 1200w\" sizes=\"(max-width: 709px) 85vw, (max-width: 909px) 67vw, (max-width: 1362px) 62vw, 840px\" \/><\/p>\n<p><img loading=\"lazy\" decoding=\"async\" class=\"alignnone size-full wp-image-9750\" src=\"https:\/\/zdruzenjeborcev-nobmb.si\/wp-content\/uploads\/2025\/11\/Postojanka_sam.jpg\" alt=\"\" width=\"1280\" height=\"2180\" srcset=\"https:\/\/zdruzenjeborcev-nobmb.si\/wp-content\/uploads\/2025\/11\/Postojanka_sam.jpg 1280w, https:\/\/zdruzenjeborcev-nobmb.si\/wp-content\/uploads\/2025\/11\/Postojanka_sam-176x300.jpg 176w, https:\/\/zdruzenjeborcev-nobmb.si\/wp-content\/uploads\/2025\/11\/Postojanka_sam-601x1024.jpg 601w, https:\/\/zdruzenjeborcev-nobmb.si\/wp-content\/uploads\/2025\/11\/Postojanka_sam-768x1308.jpg 768w, https:\/\/zdruzenjeborcev-nobmb.si\/wp-content\/uploads\/2025\/11\/Postojanka_sam-902x1536.jpg 902w, https:\/\/zdruzenjeborcev-nobmb.si\/wp-content\/uploads\/2025\/11\/Postojanka_sam-1202x2048.jpg 1202w, https:\/\/zdruzenjeborcev-nobmb.si\/wp-content\/uploads\/2025\/11\/Postojanka_sam-1200x2044.jpg 1200w\" sizes=\"(max-width: 709px) 85vw, (max-width: 909px) 67vw, (max-width: 1362px) 62vw, 840px\" \/><\/p>\n<p><img loading=\"lazy\" decoding=\"async\" class=\"alignnone size-full wp-image-9751\" src=\"https:\/\/zdruzenjeborcev-nobmb.si\/wp-content\/uploads\/2025\/11\/Postojan_tabla.jpg\" alt=\"\" width=\"1280\" height=\"1385\" srcset=\"https:\/\/zdruzenjeborcev-nobmb.si\/wp-content\/uploads\/2025\/11\/Postojan_tabla.jpg 1280w, https:\/\/zdruzenjeborcev-nobmb.si\/wp-content\/uploads\/2025\/11\/Postojan_tabla-277x300.jpg 277w, https:\/\/zdruzenjeborcev-nobmb.si\/wp-content\/uploads\/2025\/11\/Postojan_tabla-946x1024.jpg 946w, https:\/\/zdruzenjeborcev-nobmb.si\/wp-content\/uploads\/2025\/11\/Postojan_tabla-768x831.jpg 768w, https:\/\/zdruzenjeborcev-nobmb.si\/wp-content\/uploads\/2025\/11\/Postojan_tabla-1200x1298.jpg 1200w\" sizes=\"(max-width: 709px) 85vw, (max-width: 909px) 67vw, (max-width: 1362px) 62vw, 840px\" \/><\/p>\n<p><img loading=\"lazy\" decoding=\"async\" class=\"alignnone size-full wp-image-9752\" src=\"https:\/\/zdruzenjeborcev-nobmb.si\/wp-content\/uploads\/2025\/11\/Postojanka_vsi.jpg\" alt=\"\" width=\"1280\" height=\"1151\" srcset=\"https:\/\/zdruzenjeborcev-nobmb.si\/wp-content\/uploads\/2025\/11\/Postojanka_vsi.jpg 1280w, https:\/\/zdruzenjeborcev-nobmb.si\/wp-content\/uploads\/2025\/11\/Postojanka_vsi-300x270.jpg 300w, https:\/\/zdruzenjeborcev-nobmb.si\/wp-content\/uploads\/2025\/11\/Postojanka_vsi-1024x921.jpg 1024w, https:\/\/zdruzenjeborcev-nobmb.si\/wp-content\/uploads\/2025\/11\/Postojanka_vsi-768x691.jpg 768w, https:\/\/zdruzenjeborcev-nobmb.si\/wp-content\/uploads\/2025\/11\/Postojanka_vsi-1200x1079.jpg 1200w\" sizes=\"(max-width: 709px) 85vw, (max-width: 909px) 67vw, (max-width: 1362px) 62vw, 840px\" \/><\/p>\n<p><img loading=\"lazy\" decoding=\"async\" class=\"alignnone size-full wp-image-9755\" src=\"https:\/\/zdruzenjeborcev-nobmb.si\/wp-content\/uploads\/2025\/11\/Poveljstvo_vsi.jpg\" alt=\"\" width=\"1280\" height=\"1091\" srcset=\"https:\/\/zdruzenjeborcev-nobmb.si\/wp-content\/uploads\/2025\/11\/Poveljstvo_vsi.jpg 1280w, https:\/\/zdruzenjeborcev-nobmb.si\/wp-content\/uploads\/2025\/11\/Poveljstvo_vsi-300x256.jpg 300w, https:\/\/zdruzenjeborcev-nobmb.si\/wp-content\/uploads\/2025\/11\/Poveljstvo_vsi-1024x873.jpg 1024w, https:\/\/zdruzenjeborcev-nobmb.si\/wp-content\/uploads\/2025\/11\/Poveljstvo_vsi-768x655.jpg 768w, https:\/\/zdruzenjeborcev-nobmb.si\/wp-content\/uploads\/2025\/11\/Poveljstvo_vsi-1200x1023.jpg 1200w\" sizes=\"(max-width: 709px) 85vw, (max-width: 909px) 67vw, (max-width: 1362px) 62vw, 840px\" \/><\/p>\n<p><img loading=\"lazy\" decoding=\"async\" class=\"alignnone size-full wp-image-9756\" src=\"https:\/\/zdruzenjeborcev-nobmb.si\/wp-content\/uploads\/2025\/11\/Poveljstvo.jpg\" alt=\"\" width=\"1280\" height=\"1881\" srcset=\"https:\/\/zdruzenjeborcev-nobmb.si\/wp-content\/uploads\/2025\/11\/Poveljstvo.jpg 1280w, https:\/\/zdruzenjeborcev-nobmb.si\/wp-content\/uploads\/2025\/11\/Poveljstvo-204x300.jpg 204w, https:\/\/zdruzenjeborcev-nobmb.si\/wp-content\/uploads\/2025\/11\/Poveljstvo-697x1024.jpg 697w, https:\/\/zdruzenjeborcev-nobmb.si\/wp-content\/uploads\/2025\/11\/Poveljstvo-768x1129.jpg 768w, https:\/\/zdruzenjeborcev-nobmb.si\/wp-content\/uploads\/2025\/11\/Poveljstvo-1045x1536.jpg 1045w, https:\/\/zdruzenjeborcev-nobmb.si\/wp-content\/uploads\/2025\/11\/Poveljstvo-1200x1763.jpg 1200w\" sizes=\"(max-width: 709px) 85vw, (max-width: 909px) 67vw, (max-width: 1362px) 62vw, 840px\" \/><\/p>\n<p><img loading=\"lazy\" decoding=\"async\" class=\"alignnone size-full wp-image-9776\" src=\"https:\/\/zdruzenjeborcev-nobmb.si\/wp-content\/uploads\/2025\/11\/Poveljstvo1.jpg\" alt=\"\" width=\"1280\" height=\"1765\" srcset=\"https:\/\/zdruzenjeborcev-nobmb.si\/wp-content\/uploads\/2025\/11\/Poveljstvo1.jpg 1280w, https:\/\/zdruzenjeborcev-nobmb.si\/wp-content\/uploads\/2025\/11\/Poveljstvo1-218x300.jpg 218w, https:\/\/zdruzenjeborcev-nobmb.si\/wp-content\/uploads\/2025\/11\/Poveljstvo1-743x1024.jpg 743w, https:\/\/zdruzenjeborcev-nobmb.si\/wp-content\/uploads\/2025\/11\/Poveljstvo1-768x1059.jpg 768w, https:\/\/zdruzenjeborcev-nobmb.si\/wp-content\/uploads\/2025\/11\/Poveljstvo1-1114x1536.jpg 1114w, https:\/\/zdruzenjeborcev-nobmb.si\/wp-content\/uploads\/2025\/11\/Poveljstvo1-1200x1655.jpg 1200w\" sizes=\"(max-width: 709px) 85vw, (max-width: 909px) 67vw, (max-width: 1362px) 62vw, 840px\" \/><\/p>\n<p><img loading=\"lazy\" decoding=\"async\" class=\"alignnone size-full wp-image-9760\" src=\"https:\/\/zdruzenjeborcev-nobmb.si\/wp-content\/uploads\/2025\/11\/Smrtne-kazni.jpg\" alt=\"\" width=\"1280\" height=\"769\" srcset=\"https:\/\/zdruzenjeborcev-nobmb.si\/wp-content\/uploads\/2025\/11\/Smrtne-kazni.jpg 1280w, https:\/\/zdruzenjeborcev-nobmb.si\/wp-content\/uploads\/2025\/11\/Smrtne-kazni-300x180.jpg 300w, https:\/\/zdruzenjeborcev-nobmb.si\/wp-content\/uploads\/2025\/11\/Smrtne-kazni-1024x615.jpg 1024w, https:\/\/zdruzenjeborcev-nobmb.si\/wp-content\/uploads\/2025\/11\/Smrtne-kazni-768x461.jpg 768w, https:\/\/zdruzenjeborcev-nobmb.si\/wp-content\/uploads\/2025\/11\/Smrtne-kazni-1200x721.jpg 1200w\" sizes=\"(max-width: 709px) 85vw, (max-width: 909px) 67vw, (max-width: 1362px) 62vw, 840px\" \/><\/p>\n<p><img loading=\"lazy\" decoding=\"async\" class=\"alignnone size-full wp-image-9758\" src=\"https:\/\/zdruzenjeborcev-nobmb.si\/wp-content\/uploads\/2025\/11\/Smrtne-kazni-tabla.jpg\" alt=\"\" width=\"1280\" height=\"1409\" srcset=\"https:\/\/zdruzenjeborcev-nobmb.si\/wp-content\/uploads\/2025\/11\/Smrtne-kazni-tabla.jpg 1280w, https:\/\/zdruzenjeborcev-nobmb.si\/wp-content\/uploads\/2025\/11\/Smrtne-kazni-tabla-273x300.jpg 273w, https:\/\/zdruzenjeborcev-nobmb.si\/wp-content\/uploads\/2025\/11\/Smrtne-kazni-tabla-930x1024.jpg 930w, https:\/\/zdruzenjeborcev-nobmb.si\/wp-content\/uploads\/2025\/11\/Smrtne-kazni-tabla-768x845.jpg 768w, https:\/\/zdruzenjeborcev-nobmb.si\/wp-content\/uploads\/2025\/11\/Smrtne-kazni-tabla-1200x1321.jpg 1200w\" sizes=\"(max-width: 709px) 85vw, (max-width: 909px) 67vw, (max-width: 1362px) 62vw, 840px\" \/><\/p>\n<p><img loading=\"lazy\" decoding=\"async\" class=\"alignnone size-full wp-image-9762\" src=\"https:\/\/zdruzenjeborcev-nobmb.si\/wp-content\/uploads\/2025\/11\/Temelji1-OF.jpg\" alt=\"\" width=\"1280\" height=\"1363\" srcset=\"https:\/\/zdruzenjeborcev-nobmb.si\/wp-content\/uploads\/2025\/11\/Temelji1-OF.jpg 1280w, https:\/\/zdruzenjeborcev-nobmb.si\/wp-content\/uploads\/2025\/11\/Temelji1-OF-282x300.jpg 282w, https:\/\/zdruzenjeborcev-nobmb.si\/wp-content\/uploads\/2025\/11\/Temelji1-OF-962x1024.jpg 962w, https:\/\/zdruzenjeborcev-nobmb.si\/wp-content\/uploads\/2025\/11\/Temelji1-OF-768x818.jpg 768w, https:\/\/zdruzenjeborcev-nobmb.si\/wp-content\/uploads\/2025\/11\/Temelji1-OF-1200x1278.jpg 1200w\" sizes=\"(max-width: 709px) 85vw, (max-width: 909px) 67vw, (max-width: 1362px) 62vw, 840px\" \/><\/p>\n<p><img loading=\"lazy\" decoding=\"async\" class=\"alignnone size-full wp-image-9763\" src=\"https:\/\/zdruzenjeborcev-nobmb.si\/wp-content\/uploads\/2025\/11\/Temelji-OF.jpg\" alt=\"\" width=\"1280\" height=\"1856\" srcset=\"https:\/\/zdruzenjeborcev-nobmb.si\/wp-content\/uploads\/2025\/11\/Temelji-OF.jpg 1280w, https:\/\/zdruzenjeborcev-nobmb.si\/wp-content\/uploads\/2025\/11\/Temelji-OF-207x300.jpg 207w, https:\/\/zdruzenjeborcev-nobmb.si\/wp-content\/uploads\/2025\/11\/Temelji-OF-706x1024.jpg 706w, https:\/\/zdruzenjeborcev-nobmb.si\/wp-content\/uploads\/2025\/11\/Temelji-OF-768x1114.jpg 768w, https:\/\/zdruzenjeborcev-nobmb.si\/wp-content\/uploads\/2025\/11\/Temelji-OF-1059x1536.jpg 1059w, https:\/\/zdruzenjeborcev-nobmb.si\/wp-content\/uploads\/2025\/11\/Temelji-OF-1200x1740.jpg 1200w\" sizes=\"(max-width: 709px) 85vw, (max-width: 909px) 67vw, (max-width: 1362px) 62vw, 840px\" \/><\/p>\n<p>&nbsp;<\/p>\n<p><img loading=\"lazy\" decoding=\"async\" class=\"alignnone size-full wp-image-9767\" src=\"https:\/\/zdruzenjeborcev-nobmb.si\/wp-content\/uploads\/2025\/11\/Temelji3-OF.jpg\" alt=\"\" width=\"1280\" height=\"756\" srcset=\"https:\/\/zdruzenjeborcev-nobmb.si\/wp-content\/uploads\/2025\/11\/Temelji3-OF.jpg 1280w, https:\/\/zdruzenjeborcev-nobmb.si\/wp-content\/uploads\/2025\/11\/Temelji3-OF-300x177.jpg 300w, https:\/\/zdruzenjeborcev-nobmb.si\/wp-content\/uploads\/2025\/11\/Temelji3-OF-1024x605.jpg 1024w, https:\/\/zdruzenjeborcev-nobmb.si\/wp-content\/uploads\/2025\/11\/Temelji3-OF-768x454.jpg 768w, https:\/\/zdruzenjeborcev-nobmb.si\/wp-content\/uploads\/2025\/11\/Temelji3-OF-1200x709.jpg 1200w\" sizes=\"(max-width: 709px) 85vw, (max-width: 909px) 67vw, (max-width: 1362px) 62vw, 840px\" \/><\/p>\n<hr \/>\n<p>&nbsp;<\/p>\n","protected":false},"excerpt":{"rendered":"<p>predsednica: Jana PESERL\u00a0 \u00a0e-mail: jana.peserl@guest.arnes.si tajnica:\u00a0 \u00a0 \u00a0 \u00a0 \u00a0 \u00a0Marija Vernik\u00a0 e-mail: meri.vernik@gmail.com prednovoletno sre\u010danje \u010clani in \u010dlanice KO ZB Ivan Cankar in Center na prednovoletnem sre\u010danju v La Cantini Najprej so se sestali ob Trafiki v parku in si ogledali razstavo ob 50-letnici postavitve spomenika NOB. Razlaga Rok Kajzer. Spomenik je delo Slavka &hellip; <a href=\"https:\/\/zdruzenjeborcev-nobmb.si\/?page_id=1724\" class=\"more-link\">Preberi ve\u010d<span class=\"screen-reader-text\"> &#8220;KO ZB Ivan Cankar&#8221;<\/span><\/a><\/p>\n","protected":false},"author":1,"featured_media":0,"parent":0,"menu_order":0,"comment_status":"closed","ping_status":"closed","template":"","meta":{"footnotes":""},"_links":{"self":[{"href":"https:\/\/zdruzenjeborcev-nobmb.si\/index.php?rest_route=\/wp\/v2\/pages\/1724"}],"collection":[{"href":"https:\/\/zdruzenjeborcev-nobmb.si\/index.php?rest_route=\/wp\/v2\/pages"}],"about":[{"href":"https:\/\/zdruzenjeborcev-nobmb.si\/index.php?rest_route=\/wp\/v2\/types\/page"}],"author":[{"embeddable":true,"href":"https:\/\/zdruzenjeborcev-nobmb.si\/index.php?rest_route=\/wp\/v2\/users\/1"}],"replies":[{"embeddable":true,"href":"https:\/\/zdruzenjeborcev-nobmb.si\/index.php?rest_route=%2Fwp%2Fv2%2Fcomments&post=1724"}],"version-history":[{"count":35,"href":"https:\/\/zdruzenjeborcev-nobmb.si\/index.php?rest_route=\/wp\/v2\/pages\/1724\/revisions"}],"predecessor-version":[{"id":9876,"href":"https:\/\/zdruzenjeborcev-nobmb.si\/index.php?rest_route=\/wp\/v2\/pages\/1724\/revisions\/9876"}],"wp:attachment":[{"href":"https:\/\/zdruzenjeborcev-nobmb.si\/index.php?rest_route=%2Fwp%2Fv2%2Fmedia&parent=1724"}],"curies":[{"name":"wp","href":"https:\/\/api.w.org\/{rel}","templated":true}]}}