{"id":1721,"date":"2017-04-24T11:00:10","date_gmt":"2017-04-24T11:00:10","guid":{"rendered":"http:\/\/zdruzenjeborcev-nobmb.si\/?page_id=1721"},"modified":"2025-12-21T13:34:43","modified_gmt":"2025-12-21T12:34:43","slug":"center","status":"publish","type":"page","link":"https:\/\/zdruzenjeborcev-nobmb.si\/?page_id=1721","title":{"rendered":"KO ZB Center"},"content":{"rendered":"<p>predsednik:\u00a0 <strong>Alojz Klemen\u010di\u010d\u00a0 e-po\u0161ta: <u><a href=\"mailto:alojz.klemencic2@triera.net\">alojz.klemencic2@triera.net<\/a> <\/u>\u00a0<\/strong><br \/>\ntajnik:\u00a0 \u00a0 \u00a0 \u00a0 \u00a0 \u00a0 \u00a0<strong>Branko Medik \u00a0\u00a0 \u00a0 e-po\u0161ta: <u><a href=\"mailto:toti.branko@gmail.com\">toti.branko@gmail.com<\/a><\/u><\/strong><\/p>\n<p>&nbsp;<\/p>\n<hr \/>\n<h5 style=\"text-align: left;\"><strong>\u010clani in \u010dlanice KO ZB <\/strong>Ivan Cankar<strong> in <\/strong>Center<strong> na prednovoletnem sre\u010danju v La Cantini<\/strong><br \/>\n<img loading=\"lazy\" decoding=\"async\" class=\"alignnone size-full wp-image-9839\" src=\"https:\/\/zdruzenjeborcev-nobmb.si\/wp-content\/uploads\/2025\/12\/ZB_Ivan-Cankar-1.jpg\" alt=\"\" width=\"1280\" height=\"960\" srcset=\"https:\/\/zdruzenjeborcev-nobmb.si\/wp-content\/uploads\/2025\/12\/ZB_Ivan-Cankar-1.jpg 1280w, https:\/\/zdruzenjeborcev-nobmb.si\/wp-content\/uploads\/2025\/12\/ZB_Ivan-Cankar-1-300x225.jpg 300w, https:\/\/zdruzenjeborcev-nobmb.si\/wp-content\/uploads\/2025\/12\/ZB_Ivan-Cankar-1-1024x768.jpg 1024w, https:\/\/zdruzenjeborcev-nobmb.si\/wp-content\/uploads\/2025\/12\/ZB_Ivan-Cankar-1-768x576.jpg 768w, https:\/\/zdruzenjeborcev-nobmb.si\/wp-content\/uploads\/2025\/12\/ZB_Ivan-Cankar-1-1200x900.jpg 1200w\" sizes=\"(max-width: 709px) 85vw, (max-width: 909px) 67vw, (max-width: 1362px) 62vw, 840px\" \/><strong>Najprej so se sestali ob Trafiki v parku in si ogledali razstavo ob 50-letnici postavitve spomenika NOB.<br \/>\n<img loading=\"lazy\" decoding=\"async\" class=\"alignnone size-full wp-image-9841\" src=\"https:\/\/zdruzenjeborcev-nobmb.si\/wp-content\/uploads\/2025\/12\/ZB_Ivan-Cankar4-1.jpg\" alt=\"\" width=\"1280\" height=\"960\" srcset=\"https:\/\/zdruzenjeborcev-nobmb.si\/wp-content\/uploads\/2025\/12\/ZB_Ivan-Cankar4-1.jpg 1280w, https:\/\/zdruzenjeborcev-nobmb.si\/wp-content\/uploads\/2025\/12\/ZB_Ivan-Cankar4-1-300x225.jpg 300w, https:\/\/zdruzenjeborcev-nobmb.si\/wp-content\/uploads\/2025\/12\/ZB_Ivan-Cankar4-1-1024x768.jpg 1024w, https:\/\/zdruzenjeborcev-nobmb.si\/wp-content\/uploads\/2025\/12\/ZB_Ivan-Cankar4-1-768x576.jpg 768w, https:\/\/zdruzenjeborcev-nobmb.si\/wp-content\/uploads\/2025\/12\/ZB_Ivan-Cankar4-1-1200x900.jpg 1200w\" sizes=\"(max-width: 709px) 85vw, (max-width: 909px) 67vw, (max-width: 1362px) 62vw, 840px\" \/><br \/>\n<img loading=\"lazy\" decoding=\"async\" class=\"alignnone size-full wp-image-9842\" src=\"https:\/\/zdruzenjeborcev-nobmb.si\/wp-content\/uploads\/2025\/12\/ZB_Ivan-Cankar1.jpg\" alt=\"\" width=\"1280\" height=\"960\" srcset=\"https:\/\/zdruzenjeborcev-nobmb.si\/wp-content\/uploads\/2025\/12\/ZB_Ivan-Cankar1.jpg 1280w, https:\/\/zdruzenjeborcev-nobmb.si\/wp-content\/uploads\/2025\/12\/ZB_Ivan-Cankar1-300x225.jpg 300w, https:\/\/zdruzenjeborcev-nobmb.si\/wp-content\/uploads\/2025\/12\/ZB_Ivan-Cankar1-1024x768.jpg 1024w, https:\/\/zdruzenjeborcev-nobmb.si\/wp-content\/uploads\/2025\/12\/ZB_Ivan-Cankar1-768x576.jpg 768w, https:\/\/zdruzenjeborcev-nobmb.si\/wp-content\/uploads\/2025\/12\/ZB_Ivan-Cankar1-1200x900.jpg 1200w\" sizes=\"(max-width: 709px) 85vw, (max-width: 909px) 67vw, (max-width: 1362px) 62vw, 840px\" \/>Razlaga Rok Kajzer.<\/strong><br \/>\n<img loading=\"lazy\" decoding=\"async\" class=\"alignnone size-full wp-image-9843\" src=\"https:\/\/zdruzenjeborcev-nobmb.si\/wp-content\/uploads\/2025\/12\/ZB_Ivan-Cankar3.jpg\" alt=\"\" width=\"1280\" height=\"1707\" srcset=\"https:\/\/zdruzenjeborcev-nobmb.si\/wp-content\/uploads\/2025\/12\/ZB_Ivan-Cankar3.jpg 1280w, https:\/\/zdruzenjeborcev-nobmb.si\/wp-content\/uploads\/2025\/12\/ZB_Ivan-Cankar3-225x300.jpg 225w, https:\/\/zdruzenjeborcev-nobmb.si\/wp-content\/uploads\/2025\/12\/ZB_Ivan-Cankar3-768x1024.jpg 768w, https:\/\/zdruzenjeborcev-nobmb.si\/wp-content\/uploads\/2025\/12\/ZB_Ivan-Cankar3-1152x1536.jpg 1152w, https:\/\/zdruzenjeborcev-nobmb.si\/wp-content\/uploads\/2025\/12\/ZB_Ivan-Cankar3-1200x1600.jpg 1200w\" sizes=\"(max-width: 709px) 85vw, (max-width: 909px) 67vw, (max-width: 1362px) 62vw, 840px\" \/><br \/>\n<strong>Spomenik je delo Slavka Tihca iz leta 1975.<\/strong><img loading=\"lazy\" decoding=\"async\" class=\"alignnone size-full wp-image-2091 alignleft\" src=\"https:\/\/zdruzenjeborcev-nobmb.si\/wp-content\/uploads\/2017\/05\/Spomenik-NOB.jpg\" alt=\"\" width=\"1024\" height=\"1091\" srcset=\"https:\/\/zdruzenjeborcev-nobmb.si\/wp-content\/uploads\/2017\/05\/Spomenik-NOB.jpg 1024w, https:\/\/zdruzenjeborcev-nobmb.si\/wp-content\/uploads\/2017\/05\/Spomenik-NOB-282x300.jpg 282w, https:\/\/zdruzenjeborcev-nobmb.si\/wp-content\/uploads\/2017\/05\/Spomenik-NOB-768x818.jpg 768w, https:\/\/zdruzenjeborcev-nobmb.si\/wp-content\/uploads\/2017\/05\/Spomenik-NOB-961x1024.jpg 961w\" sizes=\"(max-width: 709px) 85vw, (max-width: 909px) 67vw, (max-width: 1362px) 62vw, 840px\" \/><\/h5>\n<h5 style=\"text-align: left;\"><strong>Prisotnih 19 \u010dlanov in \u010dlanic. Veseli ob prijetnem dru\u017eenju.<\/strong><br \/>\n<img loading=\"lazy\" decoding=\"async\" class=\"alignnone size-full wp-image-9844\" src=\"https:\/\/zdruzenjeborcev-nobmb.si\/wp-content\/uploads\/2025\/12\/ZB_Ivan-Cankar2.jpg\" alt=\"\" width=\"1280\" height=\"960\" srcset=\"https:\/\/zdruzenjeborcev-nobmb.si\/wp-content\/uploads\/2025\/12\/ZB_Ivan-Cankar2.jpg 1280w, https:\/\/zdruzenjeborcev-nobmb.si\/wp-content\/uploads\/2025\/12\/ZB_Ivan-Cankar2-300x225.jpg 300w, https:\/\/zdruzenjeborcev-nobmb.si\/wp-content\/uploads\/2025\/12\/ZB_Ivan-Cankar2-1024x768.jpg 1024w, https:\/\/zdruzenjeborcev-nobmb.si\/wp-content\/uploads\/2025\/12\/ZB_Ivan-Cankar2-768x576.jpg 768w, https:\/\/zdruzenjeborcev-nobmb.si\/wp-content\/uploads\/2025\/12\/ZB_Ivan-Cankar2-1200x900.jpg 1200w\" sizes=\"(max-width: 709px) 85vw, (max-width: 909px) 67vw, (max-width: 1362px) 62vw, 840px\" \/><\/h5>\n<h5><strong>Vesele novoletne praznike!\u00a0 \u00a0 \u00a0 \u00a0 <\/strong>In sre\u010dno v 2026!<\/h5>\n<hr \/>\n<p>&nbsp;<\/p>\n","protected":false},"excerpt":{"rendered":"<p>predsednik:\u00a0 Alojz Klemen\u010di\u010d\u00a0 e-po\u0161ta: alojz.klemencic2@triera.net \u00a0 tajnik:\u00a0 \u00a0 \u00a0 \u00a0 \u00a0 \u00a0 \u00a0Branko Medik \u00a0\u00a0 \u00a0 e-po\u0161ta: toti.branko@gmail.com &nbsp; \u010clani in \u010dlanice KO ZB Ivan Cankar in Center na prednovoletnem sre\u010danju v La Cantini Najprej so se sestali ob Trafiki v parku in si ogledali razstavo ob 50-letnici postavitve spomenika NOB. Razlaga Rok Kajzer. Spomenik &hellip; <a href=\"https:\/\/zdruzenjeborcev-nobmb.si\/?page_id=1721\" class=\"more-link\">Preberi ve\u010d<span class=\"screen-reader-text\"> &#8220;KO ZB Center&#8221;<\/span><\/a><\/p>\n","protected":false},"author":1,"featured_media":0,"parent":0,"menu_order":0,"comment_status":"closed","ping_status":"closed","template":"","meta":{"footnotes":""},"_links":{"self":[{"href":"https:\/\/zdruzenjeborcev-nobmb.si\/index.php?rest_route=\/wp\/v2\/pages\/1721"}],"collection":[{"href":"https:\/\/zdruzenjeborcev-nobmb.si\/index.php?rest_route=\/wp\/v2\/pages"}],"about":[{"href":"https:\/\/zdruzenjeborcev-nobmb.si\/index.php?rest_route=\/wp\/v2\/types\/page"}],"author":[{"embeddable":true,"href":"https:\/\/zdruzenjeborcev-nobmb.si\/index.php?rest_route=\/wp\/v2\/users\/1"}],"replies":[{"embeddable":true,"href":"https:\/\/zdruzenjeborcev-nobmb.si\/index.php?rest_route=%2Fwp%2Fv2%2Fcomments&post=1721"}],"version-history":[{"count":15,"href":"https:\/\/zdruzenjeborcev-nobmb.si\/index.php?rest_route=\/wp\/v2\/pages\/1721\/revisions"}],"predecessor-version":[{"id":9864,"href":"https:\/\/zdruzenjeborcev-nobmb.si\/index.php?rest_route=\/wp\/v2\/pages\/1721\/revisions\/9864"}],"wp:attachment":[{"href":"https:\/\/zdruzenjeborcev-nobmb.si\/index.php?rest_route=%2Fwp%2Fv2%2Fmedia&parent=1721"}],"curies":[{"name":"wp","href":"https:\/\/api.w.org\/{rel}","templated":true}]}}